{"id":279,"date":"2026-02-06T14:18:53","date_gmt":"2026-02-06T14:18:53","guid":{"rendered":"https:\/\/notredame-jonquieres-causans.fr\/?page_id=279"},"modified":"2026-02-08T14:46:03","modified_gmt":"2026-02-08T14:46:03","slug":"inscriptions","status":"publish","type":"page","link":"https:\/\/notredame-jonquieres-causans.fr\/index.php\/inscriptions\/","title":{"rendered":"Inscriptions"},"content":{"rendered":"\n<h2 class=\"wp-block-heading\">Inscriptions \u00e0 l&rsquo;\u00e9cole<\/h2>\n\n\n\n<div class=\"wp-block-columns is-layout-flex wp-container-core-columns-is-layout-28f84493 wp-block-columns-is-layout-flex\">\n<div class=\"wp-block-column is-layout-flow wp-block-column-is-layout-flow\">\n<p class=\"has-medium-font-size\">Pour l&rsquo;ann\u00e9e 2026-2027, les inscriptions ont d\u00e9j\u00e0 commenc\u00e9.<\/p>\n\n\n\n<p class=\"has-medium-font-size\">Mme Sarah BENOIT, chef d&rsquo;\u00e9tablissement de l&rsquo;ensemble scolaire, re\u00e7oit sur rendez-vous. \u00c0 cette occasion, une visite des locaux et une pr\u00e9sentation du projet de l&rsquo;\u00e9tablissement vous seront propos\u00e9es.<\/p>\n<\/div>\n\n\n\n<div class=\"wp-block-column is-layout-flow wp-block-column-is-layout-flow\">\n<figure class=\"wp-block-image aligncenter size-full is-resized\"><img loading=\"lazy\" decoding=\"async\" width=\"2560\" height=\"1920\" src=\"https:\/\/notredame-jonquieres-causans.fr\/wp-content\/uploads\/2026\/02\/Ecole-Jonquieres-scaled.jpg\" alt=\"\" class=\"wp-image-239\" style=\"aspect-ratio:1.4158513104640653;object-fit:contain;width:301px;height:auto\" srcset=\"https:\/\/notredame-jonquieres-causans.fr\/wp-content\/uploads\/2026\/02\/Ecole-Jonquieres-scaled.jpg 2560w, https:\/\/notredame-jonquieres-causans.fr\/wp-content\/uploads\/2026\/02\/Ecole-Jonquieres-300x225.jpg 300w, https:\/\/notredame-jonquieres-causans.fr\/wp-content\/uploads\/2026\/02\/Ecole-Jonquieres-1024x768.jpg 1024w, https:\/\/notredame-jonquieres-causans.fr\/wp-content\/uploads\/2026\/02\/Ecole-Jonquieres-768x576.jpg 768w, https:\/\/notredame-jonquieres-causans.fr\/wp-content\/uploads\/2026\/02\/Ecole-Jonquieres-1536x1152.jpg 1536w, https:\/\/notredame-jonquieres-causans.fr\/wp-content\/uploads\/2026\/02\/Ecole-Jonquieres-2048x1536.jpg 2048w\" sizes=\"auto, (max-width: 2560px) 100vw, 2560px\" \/><\/figure>\n<\/div>\n<\/div>\n\n\n\n<div class=\"wp-block-buttons is-layout-flex wp-block-buttons-is-layout-flex\">\n<div class=\"wp-block-button\"><a class=\"wp-block-button__link has-medium-font-size has-custom-font-size wp-element-button\" href=\"https:\/\/notredame-jonquieres-causans.fr\/index.php\/nous-contacter\/\">Nous contacter pour inscrire votre enfant<\/a><\/div>\n<\/div>\n\n\n\n<p><\/p>\n","protected":false},"excerpt":{"rendered":"<p>Inscriptions \u00e0 l&rsquo;\u00e9cole Pour l&rsquo;ann\u00e9e 2026-2027, les inscriptions ont d\u00e9j\u00e0 commenc\u00e9. Mme Sarah BENOIT, chef d&rsquo;\u00e9tablissement de l&rsquo;ensemble scolaire, re\u00e7oit sur rendez-vous. \u00c0 cette occasion, une visite des locaux et une pr\u00e9sentation du projet de l&rsquo;\u00e9tablissement vous seront propos\u00e9es.<\/p>\n","protected":false},"author":1,"featured_media":0,"parent":0,"menu_order":0,"comment_status":"closed","ping_status":"closed","template":"","meta":{"footnotes":""},"class_list":["post-279","page","type-page","status-publish","hentry"],"blocksy_meta":[],"_links":{"self":[{"href":"https:\/\/notredame-jonquieres-causans.fr\/index.php\/wp-json\/wp\/v2\/pages\/279","targetHints":{"allow":["GET"]}}],"collection":[{"href":"https:\/\/notredame-jonquieres-causans.fr\/index.php\/wp-json\/wp\/v2\/pages"}],"about":[{"href":"https:\/\/notredame-jonquieres-causans.fr\/index.php\/wp-json\/wp\/v2\/types\/page"}],"author":[{"embeddable":true,"href":"https:\/\/notredame-jonquieres-causans.fr\/index.php\/wp-json\/wp\/v2\/users\/1"}],"replies":[{"embeddable":true,"href":"https:\/\/notredame-jonquieres-causans.fr\/index.php\/wp-json\/wp\/v2\/comments?post=279"}],"version-history":[{"count":8,"href":"https:\/\/notredame-jonquieres-causans.fr\/index.php\/wp-json\/wp\/v2\/pages\/279\/revisions"}],"predecessor-version":[{"id":469,"href":"https:\/\/notredame-jonquieres-causans.fr\/index.php\/wp-json\/wp\/v2\/pages\/279\/revisions\/469"}],"wp:attachment":[{"href":"https:\/\/notredame-jonquieres-causans.fr\/index.php\/wp-json\/wp\/v2\/media?parent=279"}],"curies":[{"name":"wp","href":"https:\/\/api.w.org\/{rel}","templated":true}]}}