{"id":278,"date":"2026-02-06T14:18:53","date_gmt":"2026-02-06T14:18:53","guid":{"rendered":"https:\/\/notredame-jonquieres-causans.fr\/?page_id=278"},"modified":"2026-02-06T16:29:22","modified_gmt":"2026-02-06T16:29:22","slug":"actualites","status":"publish","type":"page","link":"https:\/\/notredame-jonquieres-causans.fr\/index.php\/actualites\/","title":{"rendered":"Actualit\u00e9s"},"content":{"rendered":"\n<h2 class=\"wp-block-heading has-text-align-left\">Derni\u00e8res actualit\u00e9s de l&rsquo;\u00e9cole<\/h2>\n\n\n\n<div style=\"height:50px\" aria-hidden=\"true\" class=\"wp-block-spacer\"><\/div>\n\n\n<ul style=\"padding-top:0;padding-bottom:0;padding-left:0;padding-right:0;margin-top:0;margin-bottom:0;\" class=\"wp-block-latest-posts__list has-dates wp-block-latest-posts\"><\/ul>\n\n\n<p><\/p>\n","protected":false},"excerpt":{"rendered":"<p>Derni\u00e8res actualit\u00e9s de l&rsquo;\u00e9cole<\/p>\n","protected":false},"author":1,"featured_media":0,"parent":0,"menu_order":0,"comment_status":"closed","ping_status":"closed","template":"","meta":{"footnotes":""},"class_list":["post-278","page","type-page","status-publish","hentry"],"blocksy_meta":[],"_links":{"self":[{"href":"https:\/\/notredame-jonquieres-causans.fr\/index.php\/wp-json\/wp\/v2\/pages\/278","targetHints":{"allow":["GET"]}}],"collection":[{"href":"https:\/\/notredame-jonquieres-causans.fr\/index.php\/wp-json\/wp\/v2\/pages"}],"about":[{"href":"https:\/\/notredame-jonquieres-causans.fr\/index.php\/wp-json\/wp\/v2\/types\/page"}],"author":[{"embeddable":true,"href":"https:\/\/notredame-jonquieres-causans.fr\/index.php\/wp-json\/wp\/v2\/users\/1"}],"replies":[{"embeddable":true,"href":"https:\/\/notredame-jonquieres-causans.fr\/index.php\/wp-json\/wp\/v2\/comments?post=278"}],"version-history":[{"count":15,"href":"https:\/\/notredame-jonquieres-causans.fr\/index.php\/wp-json\/wp\/v2\/pages\/278\/revisions"}],"predecessor-version":[{"id":392,"href":"https:\/\/notredame-jonquieres-causans.fr\/index.php\/wp-json\/wp\/v2\/pages\/278\/revisions\/392"}],"wp:attachment":[{"href":"https:\/\/notredame-jonquieres-causans.fr\/index.php\/wp-json\/wp\/v2\/media?parent=278"}],"curies":[{"name":"wp","href":"https:\/\/api.w.org\/{rel}","templated":true}]}}