{"id":277,"date":"2026-02-06T14:18:53","date_gmt":"2026-02-06T14:18:53","guid":{"rendered":"https:\/\/notredame-jonquieres-causans.fr\/?page_id=277"},"modified":"2026-02-08T14:39:13","modified_gmt":"2026-02-08T14:39:13","slug":"lecole","status":"publish","type":"page","link":"https:\/\/notredame-jonquieres-causans.fr\/index.php\/lecole\/","title":{"rendered":"L&rsquo;\u00e9cole"},"content":{"rendered":"\n<h2 class=\"wp-block-heading\" id=\"p\u00e9da\">L&rsquo;organisation p\u00e9dagogique<\/h2>\n\n\n\n<div class=\"wp-block-columns is-layout-flex wp-container-core-columns-is-layout-28f84493 wp-block-columns-is-layout-flex\">\n<div class=\"wp-block-column is-layout-flow wp-block-column-is-layout-flow\">\n<blockquote class=\"wp-block-quote is-layout-flow wp-block-quote-is-layout-flow\">\n<p>L\u2019\u00e9cole Notre Dame de Jonqui\u00e8res centre est compos\u00e9e de 5 classes:<br>\u2013 une classe de Petite et Moyenne section de Maternelle<br>\u2013 une classe de Moyenne et Grande section de Maternelle<br>\u2013 une classe de CP<br>\u2013 une classe de CE1 \/ CE2<br>\u2013 une classe de CM1 \/ CM2<\/p>\n\n\n\n<p>L\u2019\u00e9cole de Causans se compose d\u2019une classe Unique qui regroupe des \u00e9l\u00e8ves de la Grande Section de Maternelle au CM2.<\/p>\n<\/blockquote>\n<\/div>\n\n\n\n<div class=\"wp-block-column is-layout-flow wp-block-column-is-layout-flow\">\n<figure class=\"wp-block-image aligncenter size-full is-resized\"><img loading=\"lazy\" decoding=\"async\" width=\"612\" height=\"462\" src=\"https:\/\/notredame-jonquieres-causans.fr\/wp-content\/uploads\/2026\/02\/istockphoto-1156538040-612x612-1.jpg\" alt=\"\" class=\"wp-image-463\" style=\"aspect-ratio:1.5572651050220416;object-fit:contain;width:358px;height:auto\" srcset=\"https:\/\/notredame-jonquieres-causans.fr\/wp-content\/uploads\/2026\/02\/istockphoto-1156538040-612x612-1.jpg 612w, https:\/\/notredame-jonquieres-causans.fr\/wp-content\/uploads\/2026\/02\/istockphoto-1156538040-612x612-1-300x226.jpg 300w\" sizes=\"auto, (max-width: 612px) 100vw, 612px\" \/><\/figure>\n<\/div>\n<\/div>\n\n\n\n<div style=\"height:50px\" aria-hidden=\"true\" class=\"wp-block-spacer\"><\/div>\n\n\n\n<h2 class=\"wp-block-heading\" id=\"viescolaire\">La vie scolaire<\/h2>\n\n\n\n<div class=\"wp-block-columns is-layout-flex wp-container-core-columns-is-layout-28f84493 wp-block-columns-is-layout-flex\">\n<div class=\"wp-block-column is-layout-flow wp-block-column-is-layout-flow\">\n<blockquote class=\"wp-block-quote is-layout-flow wp-block-quote-is-layout-flow\">\n<p><strong>Les horaires (identiques pour les deux sites)&nbsp;:<\/strong><\/p>\n\n\n\n<p><strong>Semaine de 4 jours&nbsp;:<\/strong><strong>&nbsp; lundi, mardi, jeudi, vendredi<\/strong><\/p>\n\n\n\n<ul class=\"wp-block-list\">\n<li>Garderie du matin&nbsp;: 7h30 &#8211; 8h30<\/li>\n\n\n\n<li>Ouverture des portes&nbsp;: 8h30 &#8211; 8h45<\/li>\n\n\n\n<li>Sortie des classes&nbsp;: 12h<\/li>\n\n\n\n<li>R\u00e9ouverture des portes&nbsp;: 13h30 \u2013 13h45<\/li>\n\n\n\n<li>Sortie des classes&nbsp;: 16h45 \u2013 17h<\/li>\n\n\n\n<li>Garderie du soir\u00a0: 17h \u2013 18h<\/li>\n<\/ul>\n<\/blockquote>\n<\/div>\n\n\n\n<div class=\"wp-block-column is-layout-flow wp-block-column-is-layout-flow\">\n<figure class=\"wp-block-image aligncenter size-large is-resized\"><img loading=\"lazy\" decoding=\"async\" width=\"1024\" height=\"589\" src=\"https:\/\/notredame-jonquieres-causans.fr\/wp-content\/uploads\/2026\/02\/140-enfants-ont-fait-leur-rentree-a-l-ecole-privee-n-dame-causans-1725471036-1024x589.jpg\" alt=\"\" class=\"wp-image-240\" style=\"aspect-ratio:1.2147119306880625;object-fit:contain;width:357px;height:auto\" srcset=\"https:\/\/notredame-jonquieres-causans.fr\/wp-content\/uploads\/2026\/02\/140-enfants-ont-fait-leur-rentree-a-l-ecole-privee-n-dame-causans-1725471036-1024x589.jpg 1024w, https:\/\/notredame-jonquieres-causans.fr\/wp-content\/uploads\/2026\/02\/140-enfants-ont-fait-leur-rentree-a-l-ecole-privee-n-dame-causans-1725471036-300x173.jpg 300w, https:\/\/notredame-jonquieres-causans.fr\/wp-content\/uploads\/2026\/02\/140-enfants-ont-fait-leur-rentree-a-l-ecole-privee-n-dame-causans-1725471036-768x442.jpg 768w, https:\/\/notredame-jonquieres-causans.fr\/wp-content\/uploads\/2026\/02\/140-enfants-ont-fait-leur-rentree-a-l-ecole-privee-n-dame-causans-1725471036.jpg 1200w\" sizes=\"auto, (max-width: 1024px) 100vw, 1024px\" \/><\/figure>\n<\/div>\n<\/div>\n\n\n\n<div class=\"wp-block-columns is-layout-flex wp-container-core-columns-is-layout-28f84493 wp-block-columns-is-layout-flex\">\n<div class=\"wp-block-column is-layout-flow wp-block-column-is-layout-flow\">\n<blockquote class=\"wp-block-quote is-layout-flow wp-block-quote-is-layout-flow\">\n<p><strong>La restauration&nbsp;:<\/strong><\/p>\n\n\n\n<p>Pour Jonqui\u00e8res centre, les repas sont pris au restaurant scolaire municipal.<br>Les repas sont servis \u00e0 table pour les \u00e9l\u00e8ves de maternelle et self service \u00e0 partir du CP.<br>Les repas sont \u00e0 r\u00e9server \u00e0 la mairie de Jonqui\u00e8res.<\/p>\n\n\n\n<p>Pour Causans, les repas sont pris sur place et servis \u00e0 table.<\/p>\n<\/blockquote>\n<\/div>\n\n\n\n<div class=\"wp-block-column is-layout-flow wp-block-column-is-layout-flow\">\n<figure class=\"wp-block-image aligncenter size-large is-resized\"><img loading=\"lazy\" decoding=\"async\" width=\"1024\" height=\"682\" src=\"https:\/\/notredame-jonquieres-causans.fr\/wp-content\/uploads\/2026\/02\/1216779097643570511b8457.82232625-1681223761-scaled-1-1024x682.jpg\" alt=\"\" class=\"wp-image-459\" style=\"aspect-ratio:1.2147119306880625;object-fit:contain;width:270px;height:auto\" srcset=\"https:\/\/notredame-jonquieres-causans.fr\/wp-content\/uploads\/2026\/02\/1216779097643570511b8457.82232625-1681223761-scaled-1-1024x682.jpg 1024w, https:\/\/notredame-jonquieres-causans.fr\/wp-content\/uploads\/2026\/02\/1216779097643570511b8457.82232625-1681223761-scaled-1-300x200.jpg 300w, https:\/\/notredame-jonquieres-causans.fr\/wp-content\/uploads\/2026\/02\/1216779097643570511b8457.82232625-1681223761-scaled-1-768x511.jpg 768w, https:\/\/notredame-jonquieres-causans.fr\/wp-content\/uploads\/2026\/02\/1216779097643570511b8457.82232625-1681223761-scaled-1-1536x1022.jpg 1536w, https:\/\/notredame-jonquieres-causans.fr\/wp-content\/uploads\/2026\/02\/1216779097643570511b8457.82232625-1681223761-scaled-1-2048x1363.jpg 2048w\" sizes=\"auto, (max-width: 1024px) 100vw, 1024px\" \/><\/figure>\n<\/div>\n<\/div>\n\n\n\n<div class=\"wp-block-columns is-layout-flex wp-container-core-columns-is-layout-28f84493 wp-block-columns-is-layout-flex\">\n<div class=\"wp-block-column is-layout-flow wp-block-column-is-layout-flow\">\n<blockquote class=\"wp-block-quote is-layout-flow wp-block-quote-is-layout-flow\">\n<p><strong>La tenue d&rsquo;\u00e9colier\u00a0:<\/strong><\/p>\n\n\n\n<p>Chaque \u00e9l\u00e8ve \u00e0 partir du CP doit se pr\u00e9senter avec la tenue d&rsquo;\u00e9colier. <br>Elle est compos\u00e9e d&rsquo;un t-shirt bleu marine et d&rsquo;un sweat bleu marine (ouverture de la boutique en ligne trois fois par an).<br>Le bas est libre mais une tenue correcte et adapt\u00e9e \u00e0 l&rsquo;\u00e9cole est exig\u00e9e.<br>Pour les maternelles, la tenue d&rsquo;\u00e9colier est propos\u00e9e mais pas obligatoire.<\/p>\n<\/blockquote>\n<\/div>\n\n\n\n<div class=\"wp-block-column is-layout-flow wp-block-column-is-layout-flow\">\n<figure class=\"wp-block-image aligncenter size-full is-resized\"><img loading=\"lazy\" decoding=\"async\" width=\"327\" height=\"371\" src=\"https:\/\/notredame-jonquieres-causans.fr\/wp-content\/uploads\/2026\/02\/Sweat-Jonquieres.jpg\" alt=\"\" class=\"wp-image-456\" style=\"aspect-ratio:0.881437125748503;width:225px;height:auto\" srcset=\"https:\/\/notredame-jonquieres-causans.fr\/wp-content\/uploads\/2026\/02\/Sweat-Jonquieres.jpg 327w, https:\/\/notredame-jonquieres-causans.fr\/wp-content\/uploads\/2026\/02\/Sweat-Jonquieres-264x300.jpg 264w\" sizes=\"auto, (max-width: 327px) 100vw, 327px\" \/><\/figure>\n<\/div>\n<\/div>\n\n\n\n<div class=\"wp-block-columns is-layout-flex wp-container-core-columns-is-layout-28f84493 wp-block-columns-is-layout-flex\">\n<div class=\"wp-block-column is-layout-flow wp-block-column-is-layout-flow\">\n<blockquote class=\"wp-block-quote is-layout-flow wp-block-quote-is-layout-flow\">\n<p><strong>Le projet th\u00e9\u00e2tre\u00a0:<\/strong><\/p>\n\n\n\n<p>A l&rsquo;\u00e9cole Notre dame, tous les enfants suivent des cours de th\u00e9\u00e2tre, de la petite section au CM2, et se produisent sur sc\u00e8ne \u00e0 la MJC de Jonqui\u00e8res en fin d&rsquo;ann\u00e9e scolaire.<br>Les cours sont dispens\u00e9s par une intervenante professionnelle qui vient \u00e0 l&rsquo;\u00e9cole toutes les semaines.<\/p>\n\n\n\n<p>\u00c0 travers le jeu, l\u2019expression corporelle et la prise de parole, les \u00e9l\u00e8ves d\u00e9veloppent leur confiance en eux, leur imagination et leur aisance \u00e0 s\u2019exprimer devant les autres.<br>Ces ateliers favorisent aussi l\u2019\u00e9coute, le respect, la coop\u00e9ration et l\u2019empathie, des comp\u00e9tences essentielles pour bien vivre ensemble.<\/p>\n<\/blockquote>\n<\/div>\n\n\n\n<div class=\"wp-block-column is-layout-flow wp-block-column-is-layout-flow\">\n<figure class=\"wp-block-image aligncenter size-full is-resized\"><img loading=\"lazy\" decoding=\"async\" width=\"1024\" height=\"768\" src=\"https:\/\/notredame-jonquieres-causans.fr\/wp-content\/uploads\/2026\/02\/des-enfants-regardent-un-spectacle-de-marionnettes-1-1024x768-1.jpg\" alt=\"\" class=\"wp-image-462\" style=\"aspect-ratio:1.2147119306880625;object-fit:contain;width:301px;height:auto\" srcset=\"https:\/\/notredame-jonquieres-causans.fr\/wp-content\/uploads\/2026\/02\/des-enfants-regardent-un-spectacle-de-marionnettes-1-1024x768-1.jpg 1024w, https:\/\/notredame-jonquieres-causans.fr\/wp-content\/uploads\/2026\/02\/des-enfants-regardent-un-spectacle-de-marionnettes-1-1024x768-1-300x225.jpg 300w, https:\/\/notredame-jonquieres-causans.fr\/wp-content\/uploads\/2026\/02\/des-enfants-regardent-un-spectacle-de-marionnettes-1-1024x768-1-768x576.jpg 768w\" sizes=\"auto, (max-width: 1024px) 100vw, 1024px\" \/><\/figure>\n<\/div>\n<\/div>\n\n\n\n<p><\/p>\n","protected":false},"excerpt":{"rendered":"<p>L&rsquo;organisation p\u00e9dagogique L\u2019\u00e9cole Notre Dame de Jonqui\u00e8res centre est compos\u00e9e de 5 classes:\u2013 une classe de Petite et Moyenne section de Maternelle\u2013 une classe de Moyenne et Grande section de Maternelle\u2013 une classe de CP\u2013 une classe de CE1 \/ CE2\u2013 une classe de CM1 \/ CM2 L\u2019\u00e9cole de Causans se compose d\u2019une classe Unique [&hellip;]<\/p>\n","protected":false},"author":1,"featured_media":0,"parent":0,"menu_order":0,"comment_status":"closed","ping_status":"closed","template":"","meta":{"footnotes":""},"class_list":["post-277","page","type-page","status-publish","hentry"],"blocksy_meta":[],"_links":{"self":[{"href":"https:\/\/notredame-jonquieres-causans.fr\/index.php\/wp-json\/wp\/v2\/pages\/277","targetHints":{"allow":["GET"]}}],"collection":[{"href":"https:\/\/notredame-jonquieres-causans.fr\/index.php\/wp-json\/wp\/v2\/pages"}],"about":[{"href":"https:\/\/notredame-jonquieres-causans.fr\/index.php\/wp-json\/wp\/v2\/types\/page"}],"author":[{"embeddable":true,"href":"https:\/\/notredame-jonquieres-causans.fr\/index.php\/wp-json\/wp\/v2\/users\/1"}],"replies":[{"embeddable":true,"href":"https:\/\/notredame-jonquieres-causans.fr\/index.php\/wp-json\/wp\/v2\/comments?post=277"}],"version-history":[{"count":28,"href":"https:\/\/notredame-jonquieres-causans.fr\/index.php\/wp-json\/wp\/v2\/pages\/277\/revisions"}],"predecessor-version":[{"id":467,"href":"https:\/\/notredame-jonquieres-causans.fr\/index.php\/wp-json\/wp\/v2\/pages\/277\/revisions\/467"}],"wp:attachment":[{"href":"https:\/\/notredame-jonquieres-causans.fr\/index.php\/wp-json\/wp\/v2\/media?parent=277"}],"curies":[{"name":"wp","href":"https:\/\/api.w.org\/{rel}","templated":true}]}}