{"id":217,"date":"2026-01-28T16:51:56","date_gmt":"2026-01-28T16:51:56","guid":{"rendered":"https:\/\/notredame-jonquieres-causans.fr\/index.php\/accueil\/"},"modified":"2026-02-08T13:36:40","modified_gmt":"2026-02-08T13:36:40","slug":"accueil","status":"publish","type":"page","link":"https:\/\/notredame-jonquieres-causans.fr\/","title":{"rendered":"Accueil"},"content":{"rendered":"\n<div class=\"wp-block-columns are-vertically-aligned-center is-layout-flex wp-container-core-columns-is-layout-28f84493 wp-block-columns-is-layout-flex\">\n<div class=\"wp-block-column is-layout-flow wp-block-column-is-layout-flow\">\n<h2 class=\"wp-block-heading has-text-align-center\">Bienvenue sur le site de l&rsquo;\u00e9cole maternelle et \u00e9l\u00e9mentaire Notre dame de Jonqui\u00e8res et Causans<\/h2>\n<\/div>\n\n\n\n<div class=\"wp-block-column is-layout-flow wp-block-column-is-layout-flow\">\n<figure class=\"wp-block-image aligncenter size-full is-resized is-style-rounded\"><img loading=\"lazy\" decoding=\"async\" width=\"512\" height=\"512\" src=\"https:\/\/notredame-jonquieres-causans.fr\/wp-content\/uploads\/2026\/01\/cropped-cropped-cropped-cropped-logo-jonquieres.jpg\" alt=\"\" class=\"wp-image-234\" style=\"width:159px;height:auto\" srcset=\"https:\/\/notredame-jonquieres-causans.fr\/wp-content\/uploads\/2026\/01\/cropped-cropped-cropped-cropped-logo-jonquieres.jpg 512w, https:\/\/notredame-jonquieres-causans.fr\/wp-content\/uploads\/2026\/01\/cropped-cropped-cropped-cropped-logo-jonquieres-300x300.jpg 300w, https:\/\/notredame-jonquieres-causans.fr\/wp-content\/uploads\/2026\/01\/cropped-cropped-cropped-cropped-logo-jonquieres-150x150.jpg 150w, https:\/\/notredame-jonquieres-causans.fr\/wp-content\/uploads\/2026\/01\/cropped-cropped-cropped-cropped-logo-jonquieres-270x270.jpg 270w, https:\/\/notredame-jonquieres-causans.fr\/wp-content\/uploads\/2026\/01\/cropped-cropped-cropped-cropped-logo-jonquieres-192x192.jpg 192w, https:\/\/notredame-jonquieres-causans.fr\/wp-content\/uploads\/2026\/01\/cropped-cropped-cropped-cropped-logo-jonquieres-180x180.jpg 180w, https:\/\/notredame-jonquieres-causans.fr\/wp-content\/uploads\/2026\/01\/cropped-cropped-cropped-cropped-logo-jonquieres-32x32.jpg 32w\" sizes=\"auto, (max-width: 512px) 100vw, 512px\" \/><\/figure>\n<\/div>\n<\/div>\n\n\n\n<div style=\"height:50px\" aria-hidden=\"true\" class=\"wp-block-spacer\"><\/div>\n\n\n\n<figure class=\"wp-block-gallery has-nested-images columns-default is-cropped wp-block-gallery-1 is-layout-flex wp-block-gallery-is-layout-flex\">\n<figure class=\"wp-block-image size-large\"><img loading=\"lazy\" decoding=\"async\" width=\"1024\" height=\"768\" data-id=\"239\" src=\"https:\/\/notredame-jonquieres-causans.fr\/wp-content\/uploads\/2026\/02\/Ecole-Jonquieres-1024x768.jpg\" alt=\"\" class=\"wp-image-239\" srcset=\"https:\/\/notredame-jonquieres-causans.fr\/wp-content\/uploads\/2026\/02\/Ecole-Jonquieres-1024x768.jpg 1024w, https:\/\/notredame-jonquieres-causans.fr\/wp-content\/uploads\/2026\/02\/Ecole-Jonquieres-300x225.jpg 300w, https:\/\/notredame-jonquieres-causans.fr\/wp-content\/uploads\/2026\/02\/Ecole-Jonquieres-768x576.jpg 768w, https:\/\/notredame-jonquieres-causans.fr\/wp-content\/uploads\/2026\/02\/Ecole-Jonquieres-1536x1152.jpg 1536w, https:\/\/notredame-jonquieres-causans.fr\/wp-content\/uploads\/2026\/02\/Ecole-Jonquieres-2048x1536.jpg 2048w\" sizes=\"auto, (max-width: 1024px) 100vw, 1024px\" \/><figcaption class=\"wp-element-caption\">Ecole Notre dame Jonqui\u00e8res centre<\/figcaption><\/figure>\n\n\n\n<figure class=\"wp-block-image size-large\"><img loading=\"lazy\" decoding=\"async\" width=\"1024\" height=\"768\" data-id=\"405\" src=\"https:\/\/notredame-jonquieres-causans.fr\/wp-content\/uploads\/2026\/02\/IMG_3991-1024x768.jpg\" alt=\"\" class=\"wp-image-405\" srcset=\"https:\/\/notredame-jonquieres-causans.fr\/wp-content\/uploads\/2026\/02\/IMG_3991-1024x768.jpg 1024w, https:\/\/notredame-jonquieres-causans.fr\/wp-content\/uploads\/2026\/02\/IMG_3991-300x225.jpg 300w, https:\/\/notredame-jonquieres-causans.fr\/wp-content\/uploads\/2026\/02\/IMG_3991-768x576.jpg 768w, https:\/\/notredame-jonquieres-causans.fr\/wp-content\/uploads\/2026\/02\/IMG_3991-1536x1152.jpg 1536w, https:\/\/notredame-jonquieres-causans.fr\/wp-content\/uploads\/2026\/02\/IMG_3991-2048x1536.jpg 2048w\" sizes=\"auto, (max-width: 1024px) 100vw, 1024px\" \/><figcaption class=\"wp-element-caption\">Ecole Notre dame Jonqui\u00e8res centre<\/figcaption><\/figure>\n\n\n\n<figure class=\"wp-block-image size-large\"><img loading=\"lazy\" decoding=\"async\" width=\"512\" height=\"384\" data-id=\"406\" src=\"https:\/\/notredame-jonquieres-causans.fr\/wp-content\/uploads\/2026\/02\/unnamed.jpg\" alt=\"\" class=\"wp-image-406\" srcset=\"https:\/\/notredame-jonquieres-causans.fr\/wp-content\/uploads\/2026\/02\/unnamed.jpg 512w, https:\/\/notredame-jonquieres-causans.fr\/wp-content\/uploads\/2026\/02\/unnamed-300x225.jpg 300w\" sizes=\"auto, (max-width: 512px) 100vw, 512px\" \/><figcaption class=\"wp-element-caption\">Ecole Notre dame Causans<\/figcaption><\/figure>\n<\/figure>\n\n\n\n<div class=\"wp-block-buttons is-content-justification-center is-layout-flex wp-container-core-buttons-is-layout-a89b3969 wp-block-buttons-is-layout-flex\">\n<div class=\"wp-block-button\"><a class=\"wp-block-button__link has-medium-font-size has-custom-font-size wp-element-button\" href=\"https:\/\/notredame-jonquieres-causans.fr\/index.php\/galerie\/\">Voir la galerie de photos<\/a><\/div>\n<\/div>\n\n\n\n<div style=\"height:50px\" aria-hidden=\"true\" class=\"wp-block-spacer\"><\/div>\n\n\n\n<p>L\u2019\u00c9cole Notre-Dame de Jonqui\u00e8res et Causans est un\u00a0<strong>\u00e9tablissement scolaire priv\u00e9 catholique sous contrat d\u2019association avec l\u2019\u00c9tat<\/strong>, situ\u00e9 dans la commune de Jonqui\u00e8res (Vaucluse). <br>Elle accueille les enfants de la petite section au CM2\u00a0sur deux sites compl\u00e9mentaires : Notre Dame situ\u00e9 au centre de Jonqui\u00e8res qui h\u00e9berge cinq classes et la classe unique situ\u00e9e dans le hameau de Causans.\u00a0<\/p>\n\n\n\n<p>Gr\u00e2ce \u00e0 son projet \u00e9ducatif fond\u00e9 sur la\u00a0<strong>bienveillance, le respect et l\u2019\u00e9panouissement de chaque \u00e9l\u00e8ve<\/strong>, l\u2019\u00e9cole favorise l\u2019apprentissage, l\u2019autonomie, la coop\u00e9ration et la progression au rythme de chacun.\u00a0\u00a0<\/p>\n\n\n\n<p><\/p>\n\n\n\n<div style=\"height:50px\" aria-hidden=\"true\" class=\"wp-block-spacer\"><\/div>\n\n\n\n<hr class=\"wp-block-separator has-text-color has-palette-color-3-color has-alpha-channel-opacity has-palette-color-3-background-color has-background is-style-wide\"\/>\n\n\n\n<div style=\"height:50px\" aria-hidden=\"true\" class=\"wp-block-spacer\"><\/div>\n\n\n\n<div class=\"wp-block-columns are-vertically-aligned-center is-layout-flex wp-container-core-columns-is-layout-28f84493 wp-block-columns-is-layout-flex\">\n<div class=\"wp-block-column is-vertically-aligned-center is-layout-flow wp-block-column-is-layout-flow\">\n<div class=\"wp-block-buttons is-content-justification-center is-layout-flex wp-container-core-buttons-is-layout-a89b3969 wp-block-buttons-is-layout-flex\">\n<div class=\"wp-block-button is-style-fill\"><a class=\"wp-block-button__link has-medium-font-size has-custom-font-size wp-element-button\" href=\"https:\/\/notredame-jonquieres-causans.fr\/index.php\/actualites\/\">Derni\u00e8res actualit\u00e9s<\/a><\/div>\n<\/div>\n<\/div>\n\n\n\n<div class=\"wp-block-column is-vertically-aligned-center is-layout-flow wp-block-column-is-layout-flow\">\n<div class=\"wp-block-buttons is-content-justification-center is-layout-flex wp-container-core-buttons-is-layout-a89b3969 wp-block-buttons-is-layout-flex\">\n<div class=\"wp-block-button\"><a class=\"wp-block-button__link has-medium-font-size has-custom-font-size wp-element-button\" href=\"https:\/\/notredame-jonquieres-causans.fr\/index.php\/lecole\/\">D\u00e9couvrir l&rsquo;\u00e9cole<\/a><\/div>\n<\/div>\n<\/div>\n\n\n\n<div class=\"wp-block-column is-vertically-aligned-center is-layout-flow wp-block-column-is-layout-flow\">\n<div class=\"wp-block-buttons is-content-justification-center is-layout-flex wp-container-core-buttons-is-layout-a89b3969 wp-block-buttons-is-layout-flex\">\n<div class=\"wp-block-button\"><a class=\"wp-block-button__link has-medium-font-size has-custom-font-size wp-element-button\" href=\"https:\/\/notredame-jonquieres-causans.fr\/index.php\/inscriptions\/\" style=\"border-style:none;border-width:0px;border-top-left-radius:0px;border-top-right-radius:0px;border-bottom-left-radius:0px;border-bottom-right-radius:0px\">Inscriptions<\/a><\/div>\n<\/div>\n<\/div>\n<\/div>\n\n\n\n<p class=\"has-small-font-size\"><\/p>\n\n\n\n<p><\/p>\n","protected":false},"excerpt":{"rendered":"<p>Bienvenue sur le site de l&rsquo;\u00e9cole maternelle et \u00e9l\u00e9mentaire Notre dame de Jonqui\u00e8res et Causans L\u2019\u00c9cole Notre-Dame de Jonqui\u00e8res et Causans est un\u00a0\u00e9tablissement scolaire priv\u00e9 catholique sous contrat d\u2019association avec l\u2019\u00c9tat, situ\u00e9 dans la commune de Jonqui\u00e8res (Vaucluse). Elle accueille les enfants de la petite section au CM2\u00a0sur deux sites compl\u00e9mentaires : Notre Dame situ\u00e9 [&hellip;]<\/p>\n","protected":false},"author":1,"featured_media":0,"parent":0,"menu_order":0,"comment_status":"closed","ping_status":"closed","template":"","meta":{"footnotes":""},"class_list":["post-217","page","type-page","status-publish","hentry"],"blocksy_meta":[],"_links":{"self":[{"href":"https:\/\/notredame-jonquieres-causans.fr\/index.php\/wp-json\/wp\/v2\/pages\/217","targetHints":{"allow":["GET"]}}],"collection":[{"href":"https:\/\/notredame-jonquieres-causans.fr\/index.php\/wp-json\/wp\/v2\/pages"}],"about":[{"href":"https:\/\/notredame-jonquieres-causans.fr\/index.php\/wp-json\/wp\/v2\/types\/page"}],"author":[{"embeddable":true,"href":"https:\/\/notredame-jonquieres-causans.fr\/index.php\/wp-json\/wp\/v2\/users\/1"}],"replies":[{"embeddable":true,"href":"https:\/\/notredame-jonquieres-causans.fr\/index.php\/wp-json\/wp\/v2\/comments?post=217"}],"version-history":[{"count":27,"href":"https:\/\/notredame-jonquieres-causans.fr\/index.php\/wp-json\/wp\/v2\/pages\/217\/revisions"}],"predecessor-version":[{"id":436,"href":"https:\/\/notredame-jonquieres-causans.fr\/index.php\/wp-json\/wp\/v2\/pages\/217\/revisions\/436"}],"wp:attachment":[{"href":"https:\/\/notredame-jonquieres-causans.fr\/index.php\/wp-json\/wp\/v2\/media?parent=217"}],"curies":[{"name":"wp","href":"https:\/\/api.w.org\/{rel}","templated":true}]}}