{"id":10,"date":"2026-01-28T16:32:00","date_gmt":"2026-01-28T16:32:00","guid":{"rendered":"https:\/\/notredame-jonquieres-causans.fr\/?page_id=10"},"modified":"2026-02-08T13:12:57","modified_gmt":"2026-02-08T13:12:57","slug":"galerie","status":"publish","type":"page","link":"https:\/\/notredame-jonquieres-causans.fr\/index.php\/galerie\/","title":{"rendered":"Galerie"},"content":{"rendered":"\n<h2 class=\"wp-block-heading\">Galerie photos de l&rsquo;\u00e9cole<\/h2>\n\n\n\n<div style=\"height:50px\" aria-hidden=\"true\" class=\"wp-block-spacer\"><\/div>\n\n\n\n<div class=\"wp-block-responsive-lightbox-gallery\"><div class=\"rl-gallery-container rl-loading\" id=\"rl-gallery-container-1\" data-gallery_id=\"400\"> <div class=\"rl-gallery rl-basicgrid-gallery \" id=\"rl-gallery-1\" data-gallery_no=\"1\"> <div class=\"rl-gallery-item\"><a href=\"https:\/\/notredame-jonquieres-causans.fr\/wp-content\/uploads\/2026\/02\/Ecole-Jonquieres-scaled.jpg\" title=\"Ecole Notre dame Jonqui\u00e8res centre\" data-rl_title=\"Ecole Notre dame Jonqui\u00e8res centre\" class=\"rl-gallery-link\" data-rl_caption=\"\" data-rel=\"lightbox-gallery-1\"><img loading=\"lazy\" decoding=\"async\" src=\"https:\/\/notredame-jonquieres-causans.fr\/wp-content\/uploads\/2026\/02\/Ecole-Jonquieres-scaled.jpg\" width=\"2560\" height=\"1920\" alt=\"\"\/><span class=\"rl-gallery-caption\"><span class=\"rl-gallery-item-title\">Ecole Notre dame Jonqui\u00e8res centre<\/span><\/span><\/a><\/div><div class=\"rl-gallery-item\"><a href=\"https:\/\/notredame-jonquieres-causans.fr\/wp-content\/uploads\/2026\/02\/IMG_3991-scaled.jpg\" title=\"Ecole Notre dame Jonqui\u00e8res centre\" data-rl_title=\"Ecole Notre dame Jonqui\u00e8res centre\" class=\"rl-gallery-link\" data-rl_caption=\"\" data-rel=\"lightbox-gallery-1\"><img loading=\"lazy\" decoding=\"async\" src=\"https:\/\/notredame-jonquieres-causans.fr\/wp-content\/uploads\/2026\/02\/IMG_3991-scaled.jpg\" width=\"2560\" height=\"1920\" alt=\"\"\/><span class=\"rl-gallery-caption\"><span class=\"rl-gallery-item-title\">Ecole Notre dame Jonqui\u00e8res centre<\/span><\/span><\/a><\/div><div class=\"rl-gallery-item\"><a href=\"https:\/\/notredame-jonquieres-causans.fr\/wp-content\/uploads\/2026\/02\/unnamed.jpg\" title=\"Ecole Notre dame Causans\" data-rl_title=\"Ecole Notre dame Causans\" class=\"rl-gallery-link\" data-rl_caption=\"\" data-rel=\"lightbox-gallery-1\"><img loading=\"lazy\" decoding=\"async\" src=\"https:\/\/notredame-jonquieres-causans.fr\/wp-content\/uploads\/2026\/02\/unnamed.jpg\" width=\"512\" height=\"384\" alt=\"\"\/><span class=\"rl-gallery-caption\"><span class=\"rl-gallery-item-title\">Ecole Notre dame Causans<\/span><\/span><\/a><\/div><div class=\"rl-gallery-item\"><a href=\"https:\/\/notredame-jonquieres-causans.fr\/wp-content\/uploads\/2026\/02\/IMG_4153-1-scaled.jpg\" title=\"C\u00e9l\u00e9bration des cartables 2025\" data-rl_title=\"C\u00e9l\u00e9bration des cartables 2025\" class=\"rl-gallery-link\" data-rl_caption=\"\" data-rel=\"lightbox-gallery-1\"><img loading=\"lazy\" decoding=\"async\" src=\"https:\/\/notredame-jonquieres-causans.fr\/wp-content\/uploads\/2026\/02\/IMG_4153-1-scaled.jpg\" width=\"1920\" height=\"2560\" alt=\"\"\/><span class=\"rl-gallery-caption\"><span class=\"rl-gallery-item-title\">C\u00e9l\u00e9bration des cartables 2025<\/span><\/span><\/a><\/div><div class=\"rl-gallery-item\"><a href=\"https:\/\/notredame-jonquieres-causans.fr\/wp-content\/uploads\/2026\/02\/IMG_4179-scaled.jpg\" title=\"C\u00e9l\u00e9bration des cartables 2025\" data-rl_title=\"C\u00e9l\u00e9bration des cartables 2025\" class=\"rl-gallery-link\" data-rl_caption=\"\" data-rel=\"lightbox-gallery-1\"><img loading=\"lazy\" decoding=\"async\" src=\"https:\/\/notredame-jonquieres-causans.fr\/wp-content\/uploads\/2026\/02\/IMG_4179-scaled.jpg\" width=\"1920\" height=\"2560\" alt=\"\"\/><span class=\"rl-gallery-caption\"><span class=\"rl-gallery-item-title\">C\u00e9l\u00e9bration des cartables 2025<\/span><\/span><\/a><\/div><div class=\"rl-gallery-item\"><a href=\"https:\/\/notredame-jonquieres-causans.fr\/wp-content\/uploads\/2026\/02\/IMG_4180-scaled.jpg\" title=\"C\u00e9l\u00e9bration des cartables 2025\" data-rl_title=\"C\u00e9l\u00e9bration des cartables 2025\" class=\"rl-gallery-link\" data-rl_caption=\"\" data-rel=\"lightbox-gallery-1\"><img loading=\"lazy\" decoding=\"async\" src=\"https:\/\/notredame-jonquieres-causans.fr\/wp-content\/uploads\/2026\/02\/IMG_4180-scaled.jpg\" width=\"1920\" height=\"2560\" alt=\"\"\/><span class=\"rl-gallery-caption\"><span class=\"rl-gallery-item-title\">C\u00e9l\u00e9bration des cartables 2025<\/span><\/span><\/a><\/div><div class=\"rl-gallery-item\"><a href=\"https:\/\/notredame-jonquieres-causans.fr\/wp-content\/uploads\/2026\/02\/IMG_4605-scaled.jpg\" title=\"Spectacle de No\u00ebl 2025\" data-rl_title=\"Spectacle de No\u00ebl 2025\" class=\"rl-gallery-link\" data-rl_caption=\"\" data-rel=\"lightbox-gallery-1\"><img loading=\"lazy\" decoding=\"async\" src=\"https:\/\/notredame-jonquieres-causans.fr\/wp-content\/uploads\/2026\/02\/IMG_4605-scaled.jpg\" width=\"1920\" height=\"2560\" alt=\"\"\/><span class=\"rl-gallery-caption\"><span class=\"rl-gallery-item-title\">Spectacle de No\u00ebl 2025<\/span><\/span><\/a><\/div><div class=\"rl-gallery-item\"><a href=\"https:\/\/notredame-jonquieres-causans.fr\/wp-content\/uploads\/2026\/02\/IMG_4609-scaled.jpg\" title=\"Spectacle de No\u00ebl 2025\" data-rl_title=\"Spectacle de No\u00ebl 2025\" class=\"rl-gallery-link\" data-rl_caption=\"\" data-rel=\"lightbox-gallery-1\"><img loading=\"lazy\" decoding=\"async\" src=\"https:\/\/notredame-jonquieres-causans.fr\/wp-content\/uploads\/2026\/02\/IMG_4609-scaled.jpg\" width=\"1920\" height=\"2560\" alt=\"\"\/><span class=\"rl-gallery-caption\"><span class=\"rl-gallery-item-title\">Spectacle de No\u00ebl 2025<\/span><\/span><\/a><\/div><div class=\"rl-gallery-item\"><a href=\"https:\/\/notredame-jonquieres-causans.fr\/wp-content\/uploads\/2026\/02\/IMG_2931-scaled.jpg\" title=\"Spectacle de No\u00ebl 2024\" data-rl_title=\"Spectacle de No\u00ebl 2024\" class=\"rl-gallery-link\" data-rl_caption=\"\" data-rel=\"lightbox-gallery-1\"><img loading=\"lazy\" decoding=\"async\" src=\"https:\/\/notredame-jonquieres-causans.fr\/wp-content\/uploads\/2026\/02\/IMG_2931-scaled.jpg\" width=\"2560\" height=\"1920\" alt=\"\"\/><span class=\"rl-gallery-caption\"><span class=\"rl-gallery-item-title\">Spectacle de No\u00ebl 2024<\/span><\/span><\/a><\/div><div class=\"rl-gallery-item\"><a href=\"https:\/\/notredame-jonquieres-causans.fr\/wp-content\/uploads\/2026\/02\/IMG_2937-scaled.jpg\" title=\"Spectacle de No\u00ebl 2024\" data-rl_title=\"Spectacle de No\u00ebl 2024\" class=\"rl-gallery-link\" data-rl_caption=\"\" data-rel=\"lightbox-gallery-1\"><img loading=\"lazy\" decoding=\"async\" src=\"https:\/\/notredame-jonquieres-causans.fr\/wp-content\/uploads\/2026\/02\/IMG_2937-scaled.jpg\" width=\"1920\" height=\"2560\" alt=\"\"\/><span class=\"rl-gallery-caption\"><span class=\"rl-gallery-item-title\">Spectacle de No\u00ebl 2024<\/span><\/span><\/a><\/div><div class=\"rl-gallery-item\"><a href=\"https:\/\/notredame-jonquieres-causans.fr\/wp-content\/uploads\/2026\/02\/IMG_3460-scaled.jpg\" title=\"Carnaval 2025\" data-rl_title=\"Carnaval 2025\" class=\"rl-gallery-link\" data-rl_caption=\"\" data-rel=\"lightbox-gallery-1\"><img loading=\"lazy\" decoding=\"async\" src=\"https:\/\/notredame-jonquieres-causans.fr\/wp-content\/uploads\/2026\/02\/IMG_3460-scaled.jpg\" width=\"1920\" height=\"2560\" alt=\"\"\/><span class=\"rl-gallery-caption\"><span class=\"rl-gallery-item-title\">Carnaval 2025<\/span><\/span><\/a><\/div><div class=\"rl-gallery-item\"><a href=\"https:\/\/notredame-jonquieres-causans.fr\/wp-content\/uploads\/2026\/02\/IMG_3464-scaled.jpg\" title=\"Carnaval 2025\" data-rl_title=\"Carnaval 2025\" class=\"rl-gallery-link\" data-rl_caption=\"\" data-rel=\"lightbox-gallery-1\"><img loading=\"lazy\" decoding=\"async\" src=\"https:\/\/notredame-jonquieres-causans.fr\/wp-content\/uploads\/2026\/02\/IMG_3464-scaled.jpg\" width=\"2560\" height=\"1920\" alt=\"\"\/><span class=\"rl-gallery-caption\"><span class=\"rl-gallery-item-title\">Carnaval 2025<\/span><\/span><\/a><\/div><div class=\"rl-gallery-item\"><a href=\"https:\/\/notredame-jonquieres-causans.fr\/wp-content\/uploads\/2026\/02\/IMG_3469-scaled.jpg\" title=\"Carnaval 2025\" data-rl_title=\"Carnaval 2025\" class=\"rl-gallery-link\" data-rl_caption=\"\" data-rel=\"lightbox-gallery-1\"><img loading=\"lazy\" decoding=\"async\" src=\"https:\/\/notredame-jonquieres-causans.fr\/wp-content\/uploads\/2026\/02\/IMG_3469-scaled.jpg\" width=\"1920\" height=\"2560\" alt=\"\"\/><span class=\"rl-gallery-caption\"><span class=\"rl-gallery-item-title\">Carnaval 2025<\/span><\/span><\/a><\/div><div class=\"rl-gallery-item\"><a href=\"https:\/\/notredame-jonquieres-causans.fr\/wp-content\/uploads\/2026\/02\/IMG_3558-scaled.jpg\" title=\"Car\u00eame 2025, collecte de denr\u00e9es au profit du secours catholique de Jonqui\u00e8res\" data-rl_title=\"Car\u00eame 2025, collecte de denr\u00e9es au profit du secours catholique de Jonqui\u00e8res\" class=\"rl-gallery-link\" data-rl_caption=\"\" data-rel=\"lightbox-gallery-1\"><img loading=\"lazy\" decoding=\"async\" src=\"https:\/\/notredame-jonquieres-causans.fr\/wp-content\/uploads\/2026\/02\/IMG_3558-scaled.jpg\" width=\"2560\" height=\"1920\" alt=\"\"\/><span class=\"rl-gallery-caption\"><span class=\"rl-gallery-item-title\">Car\u00eame 2025, collecte de denr\u00e9es au profit du secours catholique de Jonqui\u00e8res<\/span><\/span><\/a><\/div><div class=\"rl-gallery-item\"><a href=\"https:\/\/notredame-jonquieres-causans.fr\/wp-content\/uploads\/2026\/02\/IMG_3559-scaled.jpg\" title=\"Car\u00eame 2025, collecte de denr\u00e9es au profit du secours catholique de Jonqui\u00e8res\" data-rl_title=\"Car\u00eame 2025, collecte de denr\u00e9es au profit du secours catholique de Jonqui\u00e8res\" class=\"rl-gallery-link\" data-rl_caption=\"\" data-rel=\"lightbox-gallery-1\"><img loading=\"lazy\" decoding=\"async\" src=\"https:\/\/notredame-jonquieres-causans.fr\/wp-content\/uploads\/2026\/02\/IMG_3559-scaled.jpg\" width=\"1920\" height=\"2560\" alt=\"\"\/><span class=\"rl-gallery-caption\"><span class=\"rl-gallery-item-title\">Car\u00eame 2025, collecte de denr\u00e9es au profit du secours catholique de Jonqui\u00e8res<\/span><\/span><\/a><\/div><div class=\"rl-gallery-item\"><a href=\"https:\/\/notredame-jonquieres-causans.fr\/wp-content\/uploads\/2026\/02\/IMG_3562-scaled.jpg\" title=\"Car\u00eame 2025, collecte de denr\u00e9es au profit du secours catholique de Jonqui\u00e8res\" data-rl_title=\"Car\u00eame 2025, collecte de denr\u00e9es au profit du secours catholique de Jonqui\u00e8res\" class=\"rl-gallery-link\" data-rl_caption=\"\" data-rel=\"lightbox-gallery-1\"><img loading=\"lazy\" decoding=\"async\" src=\"https:\/\/notredame-jonquieres-causans.fr\/wp-content\/uploads\/2026\/02\/IMG_3562-scaled.jpg\" width=\"1920\" height=\"2560\" alt=\"\"\/><span class=\"rl-gallery-caption\"><span class=\"rl-gallery-item-title\">Car\u00eame 2025, collecte de denr\u00e9es au profit du secours catholique de Jonqui\u00e8res<\/span><\/span><\/a><\/div><div class=\"rl-gallery-item\"><a href=\"https:\/\/notredame-jonquieres-causans.fr\/wp-content\/uploads\/2026\/02\/IMG_3563-scaled.jpg\" title=\"Car\u00eame 2025, collecte de denr\u00e9es au profit du secours catholique de Jonqui\u00e8res\" data-rl_title=\"Car\u00eame 2025, collecte de denr\u00e9es au profit du secours catholique de Jonqui\u00e8res\" class=\"rl-gallery-link\" data-rl_caption=\"\" data-rel=\"lightbox-gallery-1\"><img loading=\"lazy\" decoding=\"async\" src=\"https:\/\/notredame-jonquieres-causans.fr\/wp-content\/uploads\/2026\/02\/IMG_3563-scaled.jpg\" width=\"1920\" height=\"2560\" alt=\"\"\/><span class=\"rl-gallery-caption\"><span class=\"rl-gallery-item-title\">Car\u00eame 2025, collecte de denr\u00e9es au profit du secours catholique de Jonqui\u00e8res<\/span><\/span><\/a><\/div><div class=\"rl-gallery-item\"><a href=\"https:\/\/notredame-jonquieres-causans.fr\/wp-content\/uploads\/2026\/02\/IMG_3503.jpg\" title=\"Projet th\u00e9\u00e2tre 2025\" data-rl_title=\"Projet th\u00e9\u00e2tre 2025\" class=\"rl-gallery-link\" data-rl_caption=\"\" data-rel=\"lightbox-gallery-1\"><img loading=\"lazy\" decoding=\"async\" src=\"https:\/\/notredame-jonquieres-causans.fr\/wp-content\/uploads\/2026\/02\/IMG_3503.jpg\" width=\"2100\" height=\"1576\" alt=\"\"\/><span class=\"rl-gallery-caption\"><span class=\"rl-gallery-item-title\">Projet th\u00e9\u00e2tre 2025<\/span><\/span><\/a><\/div><div class=\"rl-gallery-item\"><a href=\"https:\/\/notredame-jonquieres-causans.fr\/wp-content\/uploads\/2026\/02\/IMG_3504-scaled.jpg\" title=\"Projet th\u00e9\u00e2tre 2025\" data-rl_title=\"Projet th\u00e9\u00e2tre 2025\" class=\"rl-gallery-link\" data-rl_caption=\"\" data-rel=\"lightbox-gallery-1\"><img loading=\"lazy\" decoding=\"async\" src=\"https:\/\/notredame-jonquieres-causans.fr\/wp-content\/uploads\/2026\/02\/IMG_3504-scaled.jpg\" width=\"1920\" height=\"2560\" alt=\"\"\/><span class=\"rl-gallery-caption\"><span class=\"rl-gallery-item-title\">Projet th\u00e9\u00e2tre 2025<\/span><\/span><\/a><\/div><div class=\"rl-gallery-item\"><a href=\"https:\/\/notredame-jonquieres-causans.fr\/wp-content\/uploads\/2026\/02\/IMG_3506.jpg\" title=\"Projet th\u00e9\u00e2tre 2025\" data-rl_title=\"Projet th\u00e9\u00e2tre 2025\" class=\"rl-gallery-link\" data-rl_caption=\"\" data-rel=\"lightbox-gallery-1\"><img loading=\"lazy\" decoding=\"async\" src=\"https:\/\/notredame-jonquieres-causans.fr\/wp-content\/uploads\/2026\/02\/IMG_3506.jpg\" width=\"1576\" height=\"2100\" alt=\"\"\/><span class=\"rl-gallery-caption\"><span class=\"rl-gallery-item-title\">Projet th\u00e9\u00e2tre 2025<\/span><\/span><\/a><\/div><div class=\"rl-gallery-item\"><a href=\"https:\/\/notredame-jonquieres-causans.fr\/wp-content\/uploads\/2026\/02\/IMG_3977-scaled.jpg\" title=\"Projet escrime 2025\" data-rl_title=\"Projet escrime 2025\" class=\"rl-gallery-link\" data-rl_caption=\"\" data-rel=\"lightbox-gallery-1\"><img loading=\"lazy\" decoding=\"async\" src=\"https:\/\/notredame-jonquieres-causans.fr\/wp-content\/uploads\/2026\/02\/IMG_3977-scaled.jpg\" width=\"1920\" height=\"2560\" alt=\"\"\/><span class=\"rl-gallery-caption\"><span class=\"rl-gallery-item-title\">Projet escrime 2025<\/span><\/span><\/a><\/div><div class=\"rl-gallery-item\"><a href=\"https:\/\/notredame-jonquieres-causans.fr\/wp-content\/uploads\/2026\/02\/IMG_3978-scaled.jpg\" title=\"Projet escrime 2025\" data-rl_title=\"Projet escrime 2025\" class=\"rl-gallery-link\" data-rl_caption=\"\" data-rel=\"lightbox-gallery-1\"><img loading=\"lazy\" decoding=\"async\" src=\"https:\/\/notredame-jonquieres-causans.fr\/wp-content\/uploads\/2026\/02\/IMG_3978-scaled.jpg\" width=\"1920\" height=\"2560\" alt=\"\"\/><span class=\"rl-gallery-caption\"><span class=\"rl-gallery-item-title\">Projet escrime 2025<\/span><\/span><\/a><\/div><div class=\"rl-gallery-item\"><a href=\"https:\/\/notredame-jonquieres-causans.fr\/wp-content\/uploads\/2026\/02\/IMG_3981-scaled.jpg\" title=\"Projet escrime 2025\" data-rl_title=\"Projet escrime 2025\" class=\"rl-gallery-link\" data-rl_caption=\"\" data-rel=\"lightbox-gallery-1\"><img loading=\"lazy\" decoding=\"async\" src=\"https:\/\/notredame-jonquieres-causans.fr\/wp-content\/uploads\/2026\/02\/IMG_3981-scaled.jpg\" width=\"1920\" height=\"2560\" alt=\"\"\/><span class=\"rl-gallery-caption\"><span class=\"rl-gallery-item-title\">Projet escrime 2025<\/span><\/span><\/a><\/div> <\/div> <\/div><\/div>\n","protected":false},"excerpt":{"rendered":"<p>Galerie photos de l&rsquo;\u00e9cole<\/p>\n","protected":false},"author":1,"featured_media":0,"parent":0,"menu_order":0,"comment_status":"closed","ping_status":"closed","template":"","meta":{"footnotes":""},"class_list":["post-10","page","type-page","status-publish","hentry"],"blocksy_meta":[],"_links":{"self":[{"href":"https:\/\/notredame-jonquieres-causans.fr\/index.php\/wp-json\/wp\/v2\/pages\/10","targetHints":{"allow":["GET"]}}],"collection":[{"href":"https:\/\/notredame-jonquieres-causans.fr\/index.php\/wp-json\/wp\/v2\/pages"}],"about":[{"href":"https:\/\/notredame-jonquieres-causans.fr\/index.php\/wp-json\/wp\/v2\/types\/page"}],"author":[{"embeddable":true,"href":"https:\/\/notredame-jonquieres-causans.fr\/index.php\/wp-json\/wp\/v2\/users\/1"}],"replies":[{"embeddable":true,"href":"https:\/\/notredame-jonquieres-causans.fr\/index.php\/wp-json\/wp\/v2\/comments?post=10"}],"version-history":[{"count":7,"href":"https:\/\/notredame-jonquieres-causans.fr\/index.php\/wp-json\/wp\/v2\/pages\/10\/revisions"}],"predecessor-version":[{"id":431,"href":"https:\/\/notredame-jonquieres-causans.fr\/index.php\/wp-json\/wp\/v2\/pages\/10\/revisions\/431"}],"wp:attachment":[{"href":"https:\/\/notredame-jonquieres-causans.fr\/index.php\/wp-json\/wp\/v2\/media?parent=10"}],"curies":[{"name":"wp","href":"https:\/\/api.w.org\/{rel}","templated":true}]}}